{"id":9434,"date":"2023-10-11T07:55:36","date_gmt":"2023-10-11T07:55:36","guid":{"rendered":"https:\/\/nimrof.com\/deneme\/?page_id=9434"},"modified":"2023-10-11T08:04:40","modified_gmt":"2023-10-11T08:04:40","slug":"contact-us-2","status":"publish","type":"page","link":"https:\/\/nimrof.com\/en\/contact-us-2\/","title":{"rendered":"Contact Us"},"content":{"rendered":"<div data-elementor-type=\"wp-page\" data-elementor-id=\"9434\" class=\"elementor elementor-9434\">\n\t\t\t\t\t\t\t\t\t<section class=\"elementor-section elementor-top-section elementor-element elementor-element-33b4740 elementor-section-full_width elementor-section-height-default elementor-section-height-default wpr-particle-no wpr-jarallax-no wpr-parallax-no wpr-sticky-section-no\" data-id=\"33b4740\" data-element_type=\"section\">\n\t\t\t\t\t\t<div class=\"elementor-container elementor-column-gap-no\">\n\t\t\t\t\t<div class=\"elementor-column elementor-col-100 elementor-top-column elementor-element elementor-element-55f84ff\" data-id=\"55f84ff\" data-element_type=\"column\">\n\t\t\t<div class=\"elementor-widget-wrap elementor-element-populated\">\n\t\t\t\t\t\t\t\t<section class=\"elementor-section elementor-inner-section elementor-element elementor-element-1cd676f elementor-section-boxed elementor-section-height-default elementor-section-height-default wpr-particle-no wpr-jarallax-no wpr-parallax-no wpr-sticky-section-no\" data-id=\"1cd676f\" data-element_type=\"section\">\n\t\t\t\t\t\t<div class=\"elementor-container elementor-column-gap-no\">\n\t\t\t\t\t<div class=\"elementor-column elementor-col-50 elementor-inner-column elementor-element elementor-element-35e1b6f\" data-id=\"35e1b6f\" data-element_type=\"column\">\n\t\t\t<div class=\"elementor-widget-wrap elementor-element-populated\">\n\t\t\t\t\t\t\t\t<div class=\"elementor-element elementor-element-e305919 elementor-widget elementor-widget-text-editor\" data-id=\"e305919\" data-element_type=\"widget\" data-widget_type=\"text-editor.default\">\n\t\t\t\t<div class=\"elementor-widget-container\">\n\t\t\t<style>\/*! elementor - v3.16.0 - 09-10-2023 *\/\n.elementor-widget-text-editor.elementor-drop-cap-view-stacked .elementor-drop-cap{background-color:#69727d;color:#fff}.elementor-widget-text-editor.elementor-drop-cap-view-framed .elementor-drop-cap{color:#69727d;border:3px solid;background-color:transparent}.elementor-widget-text-editor:not(.elementor-drop-cap-view-default) .elementor-drop-cap{margin-top:8px}.elementor-widget-text-editor:not(.elementor-drop-cap-view-default) .elementor-drop-cap-letter{width:1em;height:1em}.elementor-widget-text-editor .elementor-drop-cap{float:left;text-align:center;line-height:1;font-size:50px}.elementor-widget-text-editor .elementor-drop-cap-letter{display:inline-block}<\/style>\t\t\t\t<div class=\"contact-box\"><h3 class=\"contact-box__title h4\">Our Address<\/h3><p class=\"contact-box__text\">You can contact us 24\/7 via the following information<\/p><div class=\"contact-box__item\"><div class=\"contact-box__icon\">\u00a0<\/div><div class=\"media-body\"><h4 class=\"contact-box__label\">Phone &amp; E-mail<\/h4><p class=\"contact-box__info\"><a href=\"tel: 310259121563\">+90 (212) 5<\/a>09 00 63<\/p><p class=\"contact-box__info\"><a href=\"mailto:info@example.com\">info@n<\/a>imrof.com<\/p><\/div><\/div><div class=\"contact-box__item\"><div class=\"contact-box__icon\">\u00a0<\/div><div class=\"media-body\"><h4 class=\"contact-box__label\">Central Office<\/h4><p class=\"contact-box__info\">Merkez Mahallesi, Fatih Sokak No: 29\/A, Avc\u0131lar\/\u0130stanbul<\/p><\/div><\/div><div class=\"contact-box__item\"><div class=\"contact-box__icon\">\u00a0<\/div><div class=\"media-body\"><h4 class=\"contact-box__label\">Working Hours<\/h4><p class=\"contact-box__info\">09:00 \u2013 18:00 ( Pzt \u2013 Cmt )<\/p><p class=\"contact-box__info\">Pazar g\u00fcn\u00fc kapal\u0131y\u0131z.<\/p><\/div><\/div><\/div>\t\t\t\t\t\t<\/div>\n\t\t\t\t<\/div>\n\t\t\t\t\t<\/div>\n\t\t<\/div>\n\t\t\t\t<div class=\"elementor-column elementor-col-50 elementor-inner-column elementor-element elementor-element-0b1b19b\" data-id=\"0b1b19b\" data-element_type=\"column\">\n\t\t\t<div class=\"elementor-widget-wrap elementor-element-populated\">\n\t\t\t\t\t\t\t\t<div class=\"elementor-element elementor-element-6fb1070 elementor-widget elementor-widget-shortcode\" data-id=\"6fb1070\" data-element_type=\"widget\" data-widget_type=\"shortcode.default\">\n\t\t\t\t<div class=\"elementor-widget-container\">\n\t\t\t\t\t<div class=\"elementor-shortcode\">\n<div class=\"wpcf7 no-js\" id=\"wpcf7-f9449-o1\" lang=\"en-US\" dir=\"ltr\">\n<div class=\"screen-reader-response\"><p role=\"status\" aria-live=\"polite\" aria-atomic=\"true\"><\/p> <ul><\/ul><\/div>\n<form action=\"\/en\/wp-json\/wp\/v2\/pages\/9434#wpcf7-f9449-o1\" method=\"post\" class=\"wpcf7-form init\" aria-label=\"Contact form\" novalidate=\"novalidate\" data-status=\"init\" data-trp-original-action=\"\/en\/wp-json\/wp\/v2\/pages\/9434#wpcf7-f9449-o1\">\n<div style=\"display: none;\">\n<input type=\"hidden\" name=\"_wpcf7\" value=\"9449\" \/>\n<input type=\"hidden\" name=\"_wpcf7_version\" value=\"5.8.2\" \/>\n<input type=\"hidden\" name=\"_wpcf7_locale\" value=\"en_US\" \/>\n<input type=\"hidden\" name=\"_wpcf7_unit_tag\" value=\"wpcf7-f9449-o1\" \/>\n<input type=\"hidden\" name=\"_wpcf7_container_post\" value=\"0\" \/>\n<input type=\"hidden\" name=\"_wpcf7_posted_data_hash\" value=\"\" \/>\n<\/div>\n<div class=\"contact-box\">\n<h3 class=\"contact-box__title h4\">Leave Your Message<\/h3><p class=\"contact-box__text\">We are ready to help you!<\/p>\n<div class=\"contact-box__form\">\n<div class=\"row gx-20\">\n                        <div class=\"col-md-6 form-group\">\n                            <span class=\"wpcf7-form-control-wrap\" data-name=\"text-69\"><input size=\"40\" class=\"wpcf7-form-control wpcf7-text wpcf7-validates-as-required\" aria-required=\"true\" aria-invalid=\"false\" placeholder=\"Name\" value=\"\" type=\"text\" name=\"text-69\" \/><\/span><i class=\"fal fa-user\"><\/i>\n                        <\/div>\n                        <div class=\"col-md-6 form-group\">\n                            <span class=\"wpcf7-form-control-wrap\" data-name=\"email-564\"><input size=\"40\" class=\"wpcf7-form-control wpcf7-email wpcf7-validates-as-required wpcf7-text wpcf7-validates-as-email\" aria-required=\"true\" aria-invalid=\"false\" placeholder=\"Email Address\" value=\"\" type=\"email\" name=\"email-564\" \/><\/span><i class=\"fal fa-envelope\"><\/i>\n                        <\/div>\n                        <div class=\"col-12 form-group\">\n                            <span class=\"wpcf7-form-control-wrap\" data-name=\"textarea-218\"><textarea cols=\"40\" rows=\"10\" class=\"wpcf7-form-control wpcf7-textarea wpcf7-validates-as-required\" aria-required=\"true\" aria-invalid=\"false\" placeholder=\"Message\" name=\"textarea-218\"><\/textarea><\/span>\n                        <\/div>\n                        <div class=\"col-12 form-group\">\n                            <span class=\"wpcf7-form-control-wrap\" data-name=\"quiz-670\"><label><span class=\"wpcf7-quiz-label\">(7 + 13) = ? What is the result of the operation?<\/span> <input size=\"40\" class=\"wpcf7-form-control wpcf7-quiz\" autocomplete=\"off\" aria-required=\"true\" aria-invalid=\"false\" type=\"text\" name=\"quiz-670\" \/><\/label><input type=\"hidden\" name=\"_wpcf7_quiz_answer_quiz-670\" value=\"12dc727d468bce443693dfc8cd743160\" \/><\/span>\n                        <\/div>\n                        <div class=\"col-12\">\n                            <button class=\"vs-btn wpcf7-submit\">Send<i class=\"far fa-arrow-right\"><\/i><\/button>\n                        <\/div>\n                    <\/div>\n<\/div>\n <\/div><div class=\"wpcf7-response-output\" aria-hidden=\"true\"><\/div>\n<input type=\"hidden\" name=\"trp-form-language\" value=\"en\"\/><\/form>\n<\/div>\n<\/div>\n\t\t\t\t<\/div>\n\t\t\t\t<\/div>\n\t\t\t\t\t<\/div>\n\t\t<\/div>\n\t\t\t\t\t\t\t<\/div>\n\t\t<\/section>\n\t\t\t\t\t<\/div>\n\t\t<\/div>\n\t\t\t\t\t\t\t<\/div>\n\t\t<\/section>\n\t\t\t\t\t\t\t<\/div>","protected":false},"excerpt":{"rendered":"<p>Our Address You can contact us 24\/7 via the following information \u00a0 Phone &amp; E-mail +90 (212) 509 00 63 info@nimrof.com \u00a0 Central Office Merkez Mahallesi, Fatih Sokak No: 29\/A, Avc\u0131lar\/\u0130stanbul \u00a0 Working Hours 09:00 \u2013 18:00 ( Pzt \u2013 Cmt ) Pazar g\u00fcn\u00fc kapal\u0131y\u0131z.<\/p>","protected":false},"author":1,"featured_media":0,"parent":0,"menu_order":0,"comment_status":"closed","ping_status":"closed","template":"template-builder.php","meta":{"footnotes":""},"aioseo_notices":[],"_links":{"self":[{"href":"https:\/\/nimrof.com\/en\/wp-json\/wp\/v2\/pages\/9434"}],"collection":[{"href":"https:\/\/nimrof.com\/en\/wp-json\/wp\/v2\/pages"}],"about":[{"href":"https:\/\/nimrof.com\/en\/wp-json\/wp\/v2\/types\/page"}],"author":[{"embeddable":true,"href":"https:\/\/nimrof.com\/en\/wp-json\/wp\/v2\/users\/1"}],"replies":[{"embeddable":true,"href":"https:\/\/nimrof.com\/en\/wp-json\/wp\/v2\/comments?post=9434"}],"version-history":[{"count":18,"href":"https:\/\/nimrof.com\/en\/wp-json\/wp\/v2\/pages\/9434\/revisions"}],"predecessor-version":[{"id":9801,"href":"https:\/\/nimrof.com\/en\/wp-json\/wp\/v2\/pages\/9434\/revisions\/9801"}],"wp:attachment":[{"href":"https:\/\/nimrof.com\/en\/wp-json\/wp\/v2\/media?parent=9434"}],"curies":[{"name":"wp","href":"https:\/\/api.w.org\/{rel}","templated":true}]}}